{"id":3840,"date":"2024-06-03T21:47:57","date_gmt":"2024-06-03T19:47:57","guid":{"rendered":"https:\/\/chcivyklidit.cz\/entsorgung-der-schwarzen-muellkippe\/"},"modified":"2024-08-23T16:32:27","modified_gmt":"2024-08-23T14:32:27","slug":"entsorgung-der-schwarzen-muellkippe","status":"publish","type":"page","link":"https:\/\/chcivyklidit.cz\/de\/entsorgung-der-schwarzen-muellkippe\/","title":{"rendered":"Entsorgung der schwarzen M\u00fcllkippe"},"content":{"rendered":"\t\t<div data-elementor-type=\"wp-page\" data-elementor-id=\"3840\" class=\"elementor elementor-3840 elementor-1256\" data-elementor-post-type=\"page\">\n\t\t\t\t<div class=\"elementor-element elementor-element-58ef9b9d e-flex e-con-boxed e-con e-parent\" data-id=\"58ef9b9d\" data-element_type=\"container\" data-e-type=\"container\" data-settings=\"{&quot;background_background&quot;:&quot;gradient&quot;,&quot;shape_divider_bottom&quot;:&quot;waves&quot;}\">\n\t\t\t\t\t<div class=\"e-con-inner\">\n\t\t\t\t<div class=\"elementor-shape elementor-shape-bottom\" aria-hidden=\"true\" data-negative=\"false\">\n\t\t\t<svg xmlns=\"http:\/\/www.w3.org\/2000\/svg\" viewBox=\"0 0 1000 100\" preserveAspectRatio=\"none\">\n\t<path class=\"elementor-shape-fill\" d=\"M421.9,6.5c22.6-2.5,51.5,0.4,75.5,5.3c23.6,4.9,70.9,23.5,100.5,35.7c75.8,32.2,133.7,44.5,192.6,49.7\n\tc23.6,2.1,48.7,3.5,103.4-2.5c54.7-6,106.2-25.6,106.2-25.6V0H0v30.3c0,0,72,32.6,158.4,30.5c39.2-0.7,92.8-6.7,134-22.4\n\tc21.2-8.1,52.2-18.2,79.7-24.2C399.3,7.9,411.6,7.5,421.9,6.5z\"\/>\n<\/svg>\t\t<\/div>\n\t\t\t\t<div class=\"elementor-element elementor-element-46802f16 elementor-widget elementor-widget-heading\" data-id=\"46802f16\" data-element_type=\"widget\" data-e-type=\"widget\" data-widget_type=\"heading.default\">\n\t\t\t\t<div class=\"elementor-widget-container\">\n\t\t\t\t\t<h1 class=\"elementor-heading-title elementor-size-default\">Entsorgung der schwarzen M\u00fcllkippe<\/h1>\t\t\t\t<\/div>\n\t\t\t\t<\/div>\n\t\t\t\t<div class=\"elementor-element elementor-element-7c200166 elementor-widget elementor-widget-heading\" data-id=\"7c200166\" data-element_type=\"widget\" data-e-type=\"widget\" data-widget_type=\"heading.default\">\n\t\t\t\t<div class=\"elementor-widget-container\">\n\t\t\t\t\t<h3 class=\"elementor-heading-title elementor-size-default\"><p>Abfallbeseitigung und Wiederherstellung des urspr\u00fcnglichen Zustands des Landes<span style=\"color: var( --e-global-color-f898f31 );font-family: var( --e-global-typography-secondary-font-family ), Sans-serif;font-size: var( --e-global-typography-secondary-font-size );font-style: inherit;font-weight: var( --e-global-typography-secondary-font-weight );text-transform: var( --e-global-typography-secondary-text-transform );background-color: transparent\"><\/span><\/p><\/h3>\t\t\t\t<\/div>\n\t\t\t\t<\/div>\n\t\t\t\t\t<\/div>\n\t\t\t\t<\/div>\n\t\t<div class=\"elementor-element elementor-element-72d62b52 e-flex e-con-boxed e-con e-parent\" data-id=\"72d62b52\" data-element_type=\"container\" data-e-type=\"container\" data-settings=\"{&quot;background_background&quot;:&quot;classic&quot;}\">\n\t\t\t\t\t<div class=\"e-con-inner\">\n\t\t<div class=\"elementor-element elementor-element-226ed268 e-flex e-con-boxed e-con e-child\" data-id=\"226ed268\" data-element_type=\"container\" data-e-type=\"container\">\n\t\t\t\t\t<div class=\"e-con-inner\">\n\t\t\t\t<div class=\"elementor-element elementor-element-17cb26df elementor-widget elementor-widget-heading\" data-id=\"17cb26df\" data-element_type=\"widget\" data-e-type=\"widget\" data-widget_type=\"heading.default\">\n\t\t\t\t<div class=\"elementor-widget-container\">\n\t\t\t\t\t<h2 class=\"elementor-heading-title elementor-size-default\">Schwarzer Kippenraum<\/h2>\t\t\t\t<\/div>\n\t\t\t\t<\/div>\n\t\t\t\t<div class=\"elementor-element elementor-element-3306e734 elementor-widget elementor-widget-text-editor\" data-id=\"3306e734\" data-element_type=\"widget\" data-e-type=\"widget\" data-widget_type=\"text-editor.default\">\n\t\t\t\t<div class=\"elementor-widget-container\">\n\t\t\t\t\t\t\t\t\t<p>Haben Sie entdeckt, dass jemand <b>auf Ihrem Grundst\u00fcck, im Wald, in der N\u00e4he eines Feldes oder vor einem verlassenen Geb\u00e4ude eine M\u00fcllkippe angelegt hat?<\/b> Hat die Gemeinde Sie aufgefordert, die M\u00fcllhalde zu beseitigen?<br \/>\nOder hatten Sie als Gemeinde keine andere Wahl, als die Deponie aus dem Gemeindehaushalt zu streichen, weil der Eigent\u00fcmer der Deponie nicht ausfindig gemacht werden konnte? <\/p>\n<p>Schicken Sie uns eine E-Mail an <a href=\"mailto:info@chcivyklidit.cz\">info@chcivyklidit.cz oder<\/a> rufen Sie uns an unter <b>778 550 134<\/b>.<br \/>\nWir erstellen Ihnen ein kostenloses <b>Angebot f\u00fcr die Beseitigung einer un\u00e4sthetischen und gef\u00e4hrlichen schwarzen M\u00fcllkippe<\/b>.<br \/>\nWir vereinbaren einen Preis und einen Termin f\u00fcr die Beseitigung der Deponie.  <\/p>\n\t\t\t\t\t\t\t\t<\/div>\n\t\t\t\t<\/div>\n\t\t\t\t\t<\/div>\n\t\t\t\t<\/div>\n\t\t<div class=\"elementor-element elementor-element-4dbbad0d e-con-full e-flex e-con e-child\" data-id=\"4dbbad0d\" data-element_type=\"container\" data-e-type=\"container\">\n\t\t\t\t<div class=\"elementor-element elementor-element-4bf10a34 elementor-widget__width-initial elementor-widget-tablet__width-inherit elementor-widget elementor-widget-image\" data-id=\"4bf10a34\" data-element_type=\"widget\" data-e-type=\"widget\" data-settings=\"{&quot;motion_fx_motion_fx_scrolling&quot;:&quot;yes&quot;,&quot;motion_fx_translateY_effect&quot;:&quot;yes&quot;,&quot;motion_fx_translateY_speed&quot;:{&quot;unit&quot;:&quot;px&quot;,&quot;size&quot;:&quot;1&quot;,&quot;sizes&quot;:[]},&quot;motion_fx_translateY_affectedRange&quot;:{&quot;unit&quot;:&quot;%&quot;,&quot;size&quot;:&quot;&quot;,&quot;sizes&quot;:{&quot;start&quot;:0,&quot;end&quot;:100}},&quot;motion_fx_devices&quot;:[&quot;desktop&quot;,&quot;tablet&quot;,&quot;mobile&quot;]}\" data-widget_type=\"image.default\">\n\t\t\t\t<div class=\"elementor-widget-container\">\n\t\t\t\t\t\t\t\t\t\t\t\t\t\t\t<img fetchpriority=\"high\" decoding=\"async\" width=\"1600\" height=\"730\" src=\"https:\/\/chcivyklidit.cz\/wp-content\/uploads\/2024\/05\/signal-2023-01-26-20-53-28-851-17-1.jpg\" class=\"attachment-full size-full wp-image-3561\" alt=\"\" srcset=\"https:\/\/chcivyklidit.cz\/wp-content\/uploads\/2024\/05\/signal-2023-01-26-20-53-28-851-17-1.jpg 1600w, https:\/\/chcivyklidit.cz\/wp-content\/uploads\/2024\/05\/signal-2023-01-26-20-53-28-851-17-1-300x137.jpg 300w, https:\/\/chcivyklidit.cz\/wp-content\/uploads\/2024\/05\/signal-2023-01-26-20-53-28-851-17-1-1024x467.jpg 1024w, https:\/\/chcivyklidit.cz\/wp-content\/uploads\/2024\/05\/signal-2023-01-26-20-53-28-851-17-1-768x350.jpg 768w, https:\/\/chcivyklidit.cz\/wp-content\/uploads\/2024\/05\/signal-2023-01-26-20-53-28-851-17-1-1536x701.jpg 1536w\" sizes=\"(max-width: 1600px) 100vw, 1600px\">\t\t\t\t\t\t\t\t\t\t\t\t\t\t\t<\/div>\n\t\t\t\t<\/div>\n\t\t<div class=\"elementor-element elementor-element-c477387 e-flex e-con-boxed e-con e-child\" data-id=\"c477387\" data-element_type=\"container\" data-e-type=\"container\">\n\t\t\t\t\t<div class=\"e-con-inner\">\n\t\t\t\t<div class=\"elementor-element elementor-element-bb5bebd elementor-widget elementor-widget-spacer\" data-id=\"bb5bebd\" data-element_type=\"widget\" data-e-type=\"widget\" data-widget_type=\"spacer.default\">\n\t\t\t\t<div class=\"elementor-widget-container\">\n\t\t\t\t\t\t\t<div class=\"elementor-spacer\">\n\t\t\t<div class=\"elementor-spacer-inner\"><\/div>\n\t\t<\/div>\n\t\t\t\t\t\t<\/div>\n\t\t\t\t<\/div>\n\t\t\t\t<div class=\"elementor-element elementor-element-51bc914 elementor-widget elementor-widget-heading\" data-id=\"51bc914\" data-element_type=\"widget\" data-e-type=\"widget\" data-widget_type=\"heading.default\">\n\t\t\t\t<div class=\"elementor-widget-container\">\n\t\t\t\t\t<h3 class=\"elementor-heading-title elementor-size-default\">Wie man mit einer schwarzen M\u00fcllkippe auf dem Land umgeht<\/h3>\t\t\t\t<\/div>\n\t\t\t\t<\/div>\n\t\t\t\t<div class=\"elementor-element elementor-element-b21ae7f elementor-widget elementor-widget-text-editor\" data-id=\"b21ae7f\" data-element_type=\"widget\" data-e-type=\"widget\" data-widget_type=\"text-editor.default\">\n\t\t\t\t<div class=\"elementor-widget-container\">\n\t\t\t\t\t\t\t\t\tNach dem Gesetz ist der Eigent\u00fcmer des Grundst\u00fccks, auf dem die schwarze M\u00fcllkippe angelegt wurde, f\u00fcr die schwarze M\u00fcllkippe verantwortlich. <b>Das Anlegen einer schwarzen M\u00fcllkippe ist eine Straftat<\/b>, f\u00fcr die die Person, die die M\u00fcllkippe angelegt hat, bis zu 50 000 CZK zahlen kann.\nWenn Sie feststellen, dass jemand damit begonnen hat, M\u00fcll in S\u00e4cken, alte ausrangierte Elektroger\u00e4te, Bauschutt und andere Gegenst\u00e4nde auf Ihrem Grundst\u00fcck zu sammeln, <b>melden Sie die Deponie unverz\u00fcglich der zust\u00e4ndigen Beh\u00f6rde<\/b> (Gemeinde, Stadt oder, im Falle von gro\u00dfen Umweltverschmutzungen, der tschechischen Umweltinspektion), da Sie ansonsten ebenfalls mit einem Bu\u00dfgeld von bis zu 100.000 CZK belegt werden k\u00f6nnen, wenn Sie die Deponie nicht melden. <br><br> Wenn Sie die genaue Zusammensetzung des Abfalls nicht kennen, <b>beseitigen Sie die Deponie nicht selbst<\/b>, sondern beauftragen Sie Experten.\nSchwarze Deponien k\u00f6nnen Schadstoffe in die Luft freisetzen, der Boden unter der Deponie und in der Umgebung <b>kann kontaminiert werden<\/b> und gef\u00e4hrliche Stoffe k\u00f6nnen in Oberfl\u00e4chen- und Grundwasser gelangen.  \t\t\t\t\t\t\t\t<\/div>\n\t\t\t\t<\/div>\n\t\t\t\t\t<\/div>\n\t\t\t\t<\/div>\n\t\t\t\t<\/div>\n\t\t\t\t\t<\/div>\n\t\t\t\t<\/div>\n\t\t<div class=\"elementor-element elementor-element-2b8457fd e-flex e-con-boxed e-con e-parent\" data-id=\"2b8457fd\" data-element_type=\"container\" data-e-type=\"container\">\n\t\t\t\t\t<div class=\"e-con-inner\">\n\t\t<div class=\"elementor-element elementor-element-21945c52 e-con-full e-flex e-con e-child\" data-id=\"21945c52\" data-element_type=\"container\" data-e-type=\"container\">\n\t\t\t\t<div class=\"elementor-element elementor-element-4d1de940 elementor-widget__width-initial elementor-widget elementor-widget-heading\" data-id=\"4d1de940\" data-element_type=\"widget\" data-e-type=\"widget\" data-settings=\"{&quot;motion_fx_motion_fx_scrolling&quot;:&quot;yes&quot;,&quot;motion_fx_translateY_effect&quot;:&quot;yes&quot;,&quot;motion_fx_translateY_speed&quot;:{&quot;unit&quot;:&quot;px&quot;,&quot;size&quot;:&quot;0.5&quot;,&quot;sizes&quot;:[]},&quot;motion_fx_translateY_affectedRange&quot;:{&quot;unit&quot;:&quot;%&quot;,&quot;size&quot;:&quot;&quot;,&quot;sizes&quot;:{&quot;start&quot;:&quot;0&quot;,&quot;end&quot;:&quot;50&quot;}},&quot;motion_fx_opacity_effect&quot;:&quot;yes&quot;,&quot;motion_fx_opacity_range&quot;:{&quot;unit&quot;:&quot;%&quot;,&quot;size&quot;:&quot;&quot;,&quot;sizes&quot;:{&quot;start&quot;:&quot;0&quot;,&quot;end&quot;:&quot;50&quot;}},&quot;motion_fx_opacity_direction&quot;:&quot;out-in&quot;,&quot;motion_fx_opacity_level&quot;:{&quot;unit&quot;:&quot;px&quot;,&quot;size&quot;:10,&quot;sizes&quot;:[]},&quot;motion_fx_devices&quot;:[&quot;desktop&quot;,&quot;tablet&quot;,&quot;mobile&quot;]}\" data-widget_type=\"heading.default\">\n\t\t\t\t<div class=\"elementor-widget-container\">\n\t\t\t\t\t<h3 class=\"elementor-heading-title elementor-size-default\">Beseitigung von illegalen Ablagerungen und Sonderm\u00fcll<\/h3>\t\t\t\t<\/div>\n\t\t\t\t<\/div>\n\t\t\t\t<div class=\"elementor-element elementor-element-5933b990 elementor-widget elementor-widget-text-editor\" data-id=\"5933b990\" data-element_type=\"widget\" data-e-type=\"widget\" data-widget_type=\"text-editor.default\">\n\t\t\t\t<div class=\"elementor-widget-container\">\n\t\t\t\t\t\t\t\t\t<b>Wir sortieren die<\/b> Gegenst\u00e4nde von der M\u00fcllkippe <b>, s\u00e4ubern den Bereich<\/b> und <a href=\"https:\/\/chcivyklidit.cz\/odvoz-likvidace-odpadu.php\">bringen den Abfall zur Entsorgung zu<\/a> einer Verbrennungsanlage, einem Sammelhof oder einer <a href=\"https:\/\/chcivyklidit.cz\/odvoz-likvidace-odpadu.php\">Recyclinganlage<\/a>.\nWir denken in erster Linie an die Sicherheit, r\u00e4umen den Bereich in Schutzanz\u00fcgen, verwenden spezielle Ausr\u00fcstung und <b>laden den Abfall in die daf\u00fcr vorgesehenen Container<\/b>.\nFalls erforderlich, verwenden wir empfohlene Desinfektionsmittel, um die R\u00e4umlichkeiten zu reinigen.<b><br><br> Einige schwarze M\u00fcllhalden entstehen durch die M\u00fclllawine<\/b> <a href=\"https:\/\/chcivyklidit.cz\/vyklizeni-po-narkomanech.php\">von Drogens\u00fcchtigen<\/a> oder durch die illegale Errichtung von besetzten H\u00e4usern, Siedlungen und Baracken <a href=\"https:\/\/chcivyklidit.cz\/vyklizeni-po-bezdomovcich.php\">durch Obdachlose<\/a>.\nWir haben uns auch auf die Beseitigung dieser gef\u00e4hrlichen Standorte spezialisiert.   \t\t\t\t\t\t\t\t<\/div>\n\t\t\t\t<\/div>\n\t\t\t\t<\/div>\n\t\t<div class=\"elementor-element elementor-element-1ff6a029 e-con-full e-flex e-con e-child\" data-id=\"1ff6a029\" data-element_type=\"container\" data-e-type=\"container\">\n\t\t\t\t<div class=\"elementor-element elementor-element-4d46df7 elementor-widget elementor-widget-heading\" data-id=\"4d46df7\" data-element_type=\"widget\" data-e-type=\"widget\" data-widget_type=\"heading.default\">\n\t\t\t\t<div class=\"elementor-widget-container\">\n\t\t\t\t\t<h3 class=\"elementor-heading-title elementor-size-default\">Ein Service f\u00fcr Gemeinden, St\u00e4dte und Grundst\u00fcckseigent\u00fcmer<\/h3>\t\t\t\t<\/div>\n\t\t\t\t<\/div>\n\t\t\t\t<div class=\"elementor-element elementor-element-98add20 elementor-widget elementor-widget-text-editor\" data-id=\"98add20\" data-element_type=\"widget\" data-e-type=\"widget\" data-widget_type=\"text-editor.default\">\n\t\t\t\t<div class=\"elementor-widget-container\">\n\t\t\t\t\t\t\t\t\t<p>Wir bieten diesen Service <b>sowohl Privatpersonen, d.h. Grundst\u00fcckseigent\u00fcmern, als auch Gemeinden oder St\u00e4dten<\/b> an, die mit einer illegalen Deponie konfrontiert sind und beschlossen haben, diese zu entfernen.<br \/>\nGemeinden und St\u00e4dte k\u00f6nnen vom Landkreis Zusch\u00fcsse f\u00fcr die Beseitigung von Deponien erhalten. <\/p>\n\t\t\t\t\t\t\t\t<\/div>\n\t\t\t\t<\/div>\n\t\t\t\t<\/div>\n\t\t\t\t\t<\/div>\n\t\t\t\t<\/div>\n\t\t<div class=\"elementor-element elementor-element-2f369b6b e-con-full e-flex e-con e-parent\" data-id=\"2f369b6b\" data-element_type=\"container\" data-e-type=\"container\">\n\t\t<div class=\"elementor-element elementor-element-7c045871 e-con-full e-flex e-con e-child\" data-id=\"7c045871\" data-element_type=\"container\" data-e-type=\"container\">\n\t\t\t\t<div class=\"elementor-element elementor-element-5302777f elementor-widget__width-initial elementor-widget elementor-widget-heading\" data-id=\"5302777f\" data-element_type=\"widget\" data-e-type=\"widget\" data-settings=\"{&quot;motion_fx_motion_fx_scrolling&quot;:&quot;yes&quot;,&quot;motion_fx_translateY_effect&quot;:&quot;yes&quot;,&quot;motion_fx_translateY_speed&quot;:{&quot;unit&quot;:&quot;px&quot;,&quot;size&quot;:&quot;0.5&quot;,&quot;sizes&quot;:[]},&quot;motion_fx_translateY_affectedRange&quot;:{&quot;unit&quot;:&quot;%&quot;,&quot;size&quot;:&quot;&quot;,&quot;sizes&quot;:{&quot;start&quot;:&quot;0&quot;,&quot;end&quot;:&quot;50&quot;}},&quot;motion_fx_opacity_effect&quot;:&quot;yes&quot;,&quot;motion_fx_opacity_range&quot;:{&quot;unit&quot;:&quot;%&quot;,&quot;size&quot;:&quot;&quot;,&quot;sizes&quot;:{&quot;start&quot;:&quot;0&quot;,&quot;end&quot;:&quot;50&quot;}},&quot;motion_fx_opacity_direction&quot;:&quot;out-in&quot;,&quot;motion_fx_opacity_level&quot;:{&quot;unit&quot;:&quot;px&quot;,&quot;size&quot;:10,&quot;sizes&quot;:[]},&quot;motion_fx_devices&quot;:[&quot;desktop&quot;,&quot;tablet&quot;,&quot;mobile&quot;]}\" data-widget_type=\"heading.default\">\n\t\t\t\t<div class=\"elementor-widget-container\">\n\t\t\t\t\t<h2 class=\"elementor-heading-title elementor-size-default\">Preis f\u00fcr die Entsorgung schwarzer Abf\u00e4lle<\/h2>\t\t\t\t<\/div>\n\t\t\t\t<\/div>\n\t\t\t\t<div class=\"elementor-element elementor-element-5009fbd8 elementor-widget elementor-widget-text-editor\" data-id=\"5009fbd8\" data-element_type=\"widget\" data-e-type=\"widget\" data-widget_type=\"text-editor.default\">\n\t\t\t\t<div class=\"elementor-widget-container\">\n\t\t\t\t\t\t\t\t\t<p>Der in einer schwarzen Deponie angesammelte Abfall kann von unterschiedlicher Zusammensetzung sein.<br \/>\nDer Preis h\u00e4ngt immer von der Menge des Abfalls, der Schwierigkeit seiner Beseitigung und der anschlie\u00dfenden Entsorgung ab.<br \/>\nDie Preise sind als Richtwerte zu verstehen. F\u00fcr eine kostenlose, genaue Berechnung kontaktieren Sie uns unter <a href=\"mailto:info@chcivyklidit.cz\">info@chcivyklidit.cz<\/a> oder <b>778 550 134<\/b>.  <\/p>\n\t\t\t\t\t\t\t\t<\/div>\n\t\t\t\t<\/div>\n\t\t\t\t<\/div>\n\t\t\t\t<\/div>\n\t\t<div class=\"elementor-element elementor-element-76758e6 e-flex e-con-boxed e-con e-parent\" data-id=\"76758e6\" data-element_type=\"container\" data-e-type=\"container\" data-settings=\"{&quot;background_background&quot;:&quot;gradient&quot;,&quot;shape_divider_top&quot;:&quot;waves&quot;}\">\n\t\t\t\t\t<div class=\"e-con-inner\">\n\t\t\t\t<div class=\"elementor-shape elementor-shape-top\" aria-hidden=\"true\" data-negative=\"false\">\n\t\t\t<svg xmlns=\"http:\/\/www.w3.org\/2000\/svg\" viewBox=\"0 0 1000 100\" preserveAspectRatio=\"none\">\n\t<path class=\"elementor-shape-fill\" d=\"M421.9,6.5c22.6-2.5,51.5,0.4,75.5,5.3c23.6,4.9,70.9,23.5,100.5,35.7c75.8,32.2,133.7,44.5,192.6,49.7\n\tc23.6,2.1,48.7,3.5,103.4-2.5c54.7-6,106.2-25.6,106.2-25.6V0H0v30.3c0,0,72,32.6,158.4,30.5c39.2-0.7,92.8-6.7,134-22.4\n\tc21.2-8.1,52.2-18.2,79.7-24.2C399.3,7.9,411.6,7.5,421.9,6.5z\"\/>\n<\/svg>\t\t<\/div>\n\t\t<div class=\"elementor-element elementor-element-637a653f e-con-full e-flex e-con e-child\" data-id=\"637a653f\" data-element_type=\"container\" data-e-type=\"container\">\n\t\t\t\t<div class=\"elementor-element elementor-element-7d9aadf5 elementor-widget elementor-widget-heading\" data-id=\"7d9aadf5\" data-element_type=\"widget\" data-e-type=\"widget\" data-widget_type=\"heading.default\">\n\t\t\t\t<div class=\"elementor-widget-container\">\n\t\t\t\t\t<h4 class=\"elementor-heading-title elementor-size-default\">Abfallbeseitigung und Wiederherstellung des urspr\u00fcnglichen Zustands des Grundst\u00fccks<\/h4>\t\t\t\t<\/div>\n\t\t\t\t<\/div>\n\t\t\t\t<div class=\"elementor-element elementor-element-36068113 elementor-widget elementor-widget-heading\" data-id=\"36068113\" data-element_type=\"widget\" data-e-type=\"widget\" data-widget_type=\"heading.default\">\n\t\t\t\t<div class=\"elementor-widget-container\">\n\t\t\t\t\t<h2 class=\"elementor-heading-title elementor-size-default\">Kontaktieren Sie uns noch heute, um einen Kostenvoranschlag zu erhalten!<\/h2>\t\t\t\t<\/div>\n\t\t\t\t<\/div>\n\t\t\t\t<div class=\"elementor-element elementor-element-3bd3cedd elementor-mobile-align-center elementor-widget elementor-widget-button\" data-id=\"3bd3cedd\" data-element_type=\"widget\" data-e-type=\"widget\" data-widget_type=\"button.default\">\n\t\t\t\t<div class=\"elementor-widget-container\">\n\t\t\t\t\t\t\t\t\t<div class=\"elementor-button-wrapper\">\n\t\t\t\t\t<a class=\"elementor-button elementor-button-link elementor-size-md\" href=\"https:\/\/chcivyklidit.cz\/de\/kontakt\/\">\n\t\t\t\t\t\t<span class=\"elementor-button-content-wrapper\">\n\t\t\t\t\t\t<span class=\"elementor-button-icon\">\n\t\t\t\t<svg aria-hidden=\"true\" class=\"e-font-icon-svg e-fas-arrow-right\" viewBox=\"0 0 448 512\" xmlns=\"http:\/\/www.w3.org\/2000\/svg\"><path d=\"M190.5 66.9l22.2-22.2c9.4-9.4 24.6-9.4 33.9 0L441 239c9.4 9.4 9.4 24.6 0 33.9L246.6 467.3c-9.4 9.4-24.6 9.4-33.9 0l-22.2-22.2c-9.5-9.5-9.3-25 .4-34.3L311.4 296H24c-13.3 0-24-10.7-24-24v-32c0-13.3 10.7-24 24-24h287.4L190.9 101.2c-9.8-9.3-10-24.8-.4-34.3z\"><\/path><\/svg>\t\t\t<\/span>\n\t\t\t\t\t\t\t\t\t<span class=\"elementor-button-text\">Schreiben Sie uns<\/span>\n\t\t\t\t\t<\/span>\n\t\t\t\t\t<\/a>\n\t\t\t\t<\/div>\n\t\t\t\t\t\t\t\t<\/div>\n\t\t\t\t<\/div>\n\t\t\t\t<\/div>\n\t\t<div class=\"elementor-element elementor-element-6140c7cb e-con-full e-flex e-con e-child\" data-id=\"6140c7cb\" data-element_type=\"container\" data-e-type=\"container\">\n\t\t\t\t<div class=\"elementor-element elementor-element-5dfd77c3 elementor-widget elementor-widget-image\" data-id=\"5dfd77c3\" data-element_type=\"widget\" data-e-type=\"widget\" data-settings=\"{&quot;motion_fx_motion_fx_scrolling&quot;:&quot;yes&quot;,&quot;motion_fx_translateY_effect&quot;:&quot;yes&quot;,&quot;motion_fx_translateY_direction&quot;:&quot;negative&quot;,&quot;motion_fx_translateY_speed&quot;:{&quot;unit&quot;:&quot;px&quot;,&quot;size&quot;:&quot;1&quot;,&quot;sizes&quot;:[]},&quot;motion_fx_devices&quot;:[&quot;desktop&quot;,&quot;tablet&quot;],&quot;motion_fx_translateY_affectedRange&quot;:{&quot;unit&quot;:&quot;%&quot;,&quot;size&quot;:&quot;&quot;,&quot;sizes&quot;:{&quot;start&quot;:&quot;0&quot;,&quot;end&quot;:&quot;50&quot;}}}\" data-widget_type=\"image.default\">\n\t\t\t\t<div class=\"elementor-widget-container\">\n\t\t\t\t\t\t\t\t\t\t\t\t\t\t\t<img decoding=\"async\" src=\"https:\/\/chcivyklidit.cz\/wp-content\/uploads\/elementor\/thumbs\/13-800-r1uiygg8mtn76q9anujx8vdbaj2acahjrwsagdak7i.jpg\" title=\"13-800\" alt=\"13-800\" loading=\"lazy\" \/>\t\t\t\t\t\t\t\t\t\t\t\t\t\t\t<\/div>\n\t\t\t\t<\/div>\n\t\t\t\t<\/div>\n\t\t\t\t\t<\/div>\n\t\t\t\t<\/div>\n\t\t\t\t<\/div>\n\t\t","protected":false},"excerpt":{"rendered":"<p>Entsorgung der schwarzen M\u00fcllkippe Abfallbeseitigung und Wiederherstellung des urspr\u00fcnglichen Zustands des Landes Schwarzer Kippenraum Haben Sie entdeckt, dass jemand auf [&hellip;]<\/p>\n","protected":false},"author":1,"featured_media":0,"parent":0,"menu_order":0,"comment_status":"closed","ping_status":"closed","template":"elementor_header_footer","meta":{"site-sidebar-layout":"no-sidebar","site-content-layout":"","ast-site-content-layout":"full-width-container","site-content-style":"default","site-sidebar-style":"default","ast-global-header-display":"","ast-banner-title-visibility":"","ast-main-header-display":"","ast-hfb-above-header-display":"","ast-hfb-below-header-display":"","ast-hfb-mobile-header-display":"","site-post-title":"disabled","ast-breadcrumbs-content":"","ast-featured-img":"disabled","footer-sml-layout":"","ast-disable-related-posts":"","theme-transparent-header-meta":"","adv-header-id-meta":"","stick-header-meta":"","header-above-stick-meta":"","header-main-stick-meta":"","header-below-stick-meta":"","astra-migrate-meta-layouts":"default","ast-page-background-enabled":"default","ast-page-background-meta":{"desktop":{"background-color":"var(--ast-global-color-4)","background-image":"","background-repeat":"repeat","background-position":"center center","background-size":"auto","background-attachment":"scroll","background-type":"","background-media":"","overlay-type":"","overlay-color":"","overlay-opacity":"","overlay-gradient":""},"tablet":{"background-color":"","background-image":"","background-repeat":"repeat","background-position":"center center","background-size":"auto","background-attachment":"scroll","background-type":"","background-media":"","overlay-type":"","overlay-color":"","overlay-opacity":"","overlay-gradient":""},"mobile":{"background-color":"","background-image":"","background-repeat":"repeat","background-position":"center center","background-size":"auto","background-attachment":"scroll","background-type":"","background-media":"","overlay-type":"","overlay-color":"","overlay-opacity":"","overlay-gradient":""}},"ast-content-background-meta":{"desktop":{"background-color":"var(--ast-global-color-5)","background-image":"","background-repeat":"repeat","background-position":"center center","background-size":"auto","background-attachment":"scroll","background-type":"","background-media":"","overlay-type":"","overlay-color":"","overlay-opacity":"","overlay-gradient":""},"tablet":{"background-color":"var(--ast-global-color-5)","background-image":"","background-repeat":"repeat","background-position":"center center","background-size":"auto","background-attachment":"scroll","background-type":"","background-media":"","overlay-type":"","overlay-color":"","overlay-opacity":"","overlay-gradient":""},"mobile":{"background-color":"var(--ast-global-color-5)","background-image":"","background-repeat":"repeat","background-position":"center center","background-size":"auto","background-attachment":"scroll","background-type":"","background-media":"","overlay-type":"","overlay-color":"","overlay-opacity":"","overlay-gradient":""}},"footnotes":""},"class_list":["post-3840","page","type-page","status-publish","hentry"],"_links":{"self":[{"href":"https:\/\/chcivyklidit.cz\/de\/wp-json\/wp\/v2\/pages\/3840","targetHints":{"allow":["GET"]}}],"collection":[{"href":"https:\/\/chcivyklidit.cz\/de\/wp-json\/wp\/v2\/pages"}],"about":[{"href":"https:\/\/chcivyklidit.cz\/de\/wp-json\/wp\/v2\/types\/page"}],"author":[{"embeddable":true,"href":"https:\/\/chcivyklidit.cz\/de\/wp-json\/wp\/v2\/users\/1"}],"replies":[{"embeddable":true,"href":"https:\/\/chcivyklidit.cz\/de\/wp-json\/wp\/v2\/comments?post=3840"}],"version-history":[{"count":3,"href":"https:\/\/chcivyklidit.cz\/de\/wp-json\/wp\/v2\/pages\/3840\/revisions"}],"predecessor-version":[{"id":3848,"href":"https:\/\/chcivyklidit.cz\/de\/wp-json\/wp\/v2\/pages\/3840\/revisions\/3848"}],"wp:attachment":[{"href":"https:\/\/chcivyklidit.cz\/de\/wp-json\/wp\/v2\/media?parent=3840"}],"curies":[{"name":"wp","href":"https:\/\/api.w.org\/{rel}","templated":true}]}}