{"id":3761,"date":"2024-06-12T11:40:07","date_gmt":"2024-06-12T09:40:07","guid":{"rendered":"https:\/\/chcivyklidit.cz\/aufraeumen-hinter-obdachlosen\/"},"modified":"2024-08-23T16:21:57","modified_gmt":"2024-08-23T14:21:57","slug":"aufraeumen-hinter-obdachlosen","status":"publish","type":"page","link":"https:\/\/chcivyklidit.cz\/de\/aufraeumen-hinter-obdachlosen\/","title":{"rendered":"Aufr\u00e4umen hinter Obdachlosen"},"content":{"rendered":"\t\t<div data-elementor-type=\"wp-page\" data-elementor-id=\"3761\" class=\"elementor elementor-3761 elementor-1801\" data-elementor-post-type=\"page\">\n\t\t\t\t<div class=\"elementor-element elementor-element-37aef329 e-flex e-con-boxed e-con e-parent\" data-id=\"37aef329\" data-element_type=\"container\" data-e-type=\"container\" data-settings=\"{&quot;background_background&quot;:&quot;gradient&quot;,&quot;shape_divider_bottom&quot;:&quot;waves&quot;}\">\n\t\t\t\t\t<div class=\"e-con-inner\">\n\t\t\t\t<div class=\"elementor-shape elementor-shape-bottom\" aria-hidden=\"true\" data-negative=\"false\">\n\t\t\t<svg xmlns=\"http:\/\/www.w3.org\/2000\/svg\" viewBox=\"0 0 1000 100\" preserveAspectRatio=\"none\">\n\t<path class=\"elementor-shape-fill\" d=\"M421.9,6.5c22.6-2.5,51.5,0.4,75.5,5.3c23.6,4.9,70.9,23.5,100.5,35.7c75.8,32.2,133.7,44.5,192.6,49.7\n\tc23.6,2.1,48.7,3.5,103.4-2.5c54.7-6,106.2-25.6,106.2-25.6V0H0v30.3c0,0,72,32.6,158.4,30.5c39.2-0.7,92.8-6.7,134-22.4\n\tc21.2-8.1,52.2-18.2,79.7-24.2C399.3,7.9,411.6,7.5,421.9,6.5z\"\/>\n<\/svg>\t\t<\/div>\n\t\t\t\t<div class=\"elementor-element elementor-element-92ac658 elementor-widget elementor-widget-heading\" data-id=\"92ac658\" data-element_type=\"widget\" data-e-type=\"widget\" data-widget_type=\"heading.default\">\n\t\t\t\t<div class=\"elementor-widget-container\">\n\t\t\t\t\t<h1 class=\"elementor-heading-title elementor-size-default\">  Aufr\u00e4umen hinter Obdachlosen<\/h1>\t\t\t\t<\/div>\n\t\t\t\t<\/div>\n\t\t\t\t<div class=\"elementor-element elementor-element-1944fa55 elementor-widget elementor-widget-heading\" data-id=\"1944fa55\" data-element_type=\"widget\" data-e-type=\"widget\" data-widget_type=\"heading.default\">\n\t\t\t\t<div class=\"elementor-widget-container\">\n\t\t\t\t\t<h3 class=\"elementor-heading-title elementor-size-default\">Abfallentsorgung und Desinfektion der R\u00e4umlichkeiten<\/h3>\t\t\t\t<\/div>\n\t\t\t\t<\/div>\n\t\t\t\t\t<\/div>\n\t\t\t\t<\/div>\n\t\t<div class=\"elementor-element elementor-element-2e66cc5c e-flex e-con-boxed e-con e-parent\" data-id=\"2e66cc5c\" data-element_type=\"container\" data-e-type=\"container\" data-settings=\"{&quot;background_background&quot;:&quot;classic&quot;}\">\n\t\t\t\t\t<div class=\"e-con-inner\">\n\t\t<div class=\"elementor-element elementor-element-21744de7 e-flex e-con-boxed e-con e-child\" data-id=\"21744de7\" data-element_type=\"container\" data-e-type=\"container\">\n\t\t\t\t\t<div class=\"e-con-inner\">\n\t\t\t\t<div class=\"elementor-element elementor-element-1f1d12a3 elementor-widget elementor-widget-heading\" data-id=\"1f1d12a3\" data-element_type=\"widget\" data-e-type=\"widget\" data-widget_type=\"heading.default\">\n\t\t\t\t<div class=\"elementor-widget-container\">\n\t\t\t\t\t<h2 class=\"elementor-heading-title elementor-size-default\">Entsorgung von gesundheitsgef\u00e4hrdenden Abf\u00e4llen<\/h2>\t\t\t\t<\/div>\n\t\t\t\t<\/div>\n\t\t\t\t<div class=\"elementor-element elementor-element-651633e7 elementor-widget elementor-widget-text-editor\" data-id=\"651633e7\" data-element_type=\"widget\" data-e-type=\"widget\" data-widget_type=\"text-editor.default\">\n\t\t\t\t<div class=\"elementor-widget-container\">\n\t\t\t\t\t\t\t\t\t<p class=\"gr-text-8\">Haben Sie eine Immobilie in Ihrer Obhut, die von Obdachlosen oder <a href=\"https:\/\/chcivyklidit.cz\/vyklizeni-po-narkomanech.php\">Drogenabh\u00e4ngigen<\/a> bewohnt wurde und nun <b>sicher ger\u00e4umt und desinfiziert werden<\/b> muss?<br \/>\nWir entfernen Unmengen von M\u00fcll, kontaminierten Fl\u00fcssigkeiten und menschlichen F\u00e4kalien und <b>desinfizieren<\/b> die R\u00e4umlichkeiten <b>gr\u00fcndlich<\/b>. <\/p>\n<p class=\"gr-text-8\">Kontaktieren Sie uns unter <a href=\"mailto:info@chcivyklidit.cz\">info@chcivyklidit.cz oder<\/a> rufen Sie uns unter <b>778 550 134<\/b> an.<br \/>\nWir erstellen Ihnen ein kostenloses <b>Angebot f\u00fcr die R\u00e4umung Ihrer obdachlosen Immobilie<\/b> und vereinbaren einen Preis und einen Termin, um zu Ihnen zu kommen. <\/p>\n\t\t\t\t\t\t\t\t<\/div>\n\t\t\t\t<\/div>\n\t\t\t\t<div class=\"elementor-element elementor-element-50378d9c elementor-widget elementor-widget-image\" data-id=\"50378d9c\" data-element_type=\"widget\" data-e-type=\"widget\" data-widget_type=\"image.default\">\n\t\t\t\t<div class=\"elementor-widget-container\">\n\t\t\t\t\t\t\t\t\t\t\t\t\t\t\t<img fetchpriority=\"high\" decoding=\"async\" width=\"768\" height=\"432\" src=\"https:\/\/chcivyklidit.cz\/wp-content\/uploads\/2024\/05\/IMG20240202095417-768x432.jpg\" class=\"attachment-medium_large size-medium_large wp-image-3197\" alt=\"\" srcset=\"https:\/\/chcivyklidit.cz\/wp-content\/uploads\/2024\/05\/IMG20240202095417-768x432.jpg 768w, https:\/\/chcivyklidit.cz\/wp-content\/uploads\/2024\/05\/IMG20240202095417-300x169.jpg 300w, https:\/\/chcivyklidit.cz\/wp-content\/uploads\/2024\/05\/IMG20240202095417-1024x576.jpg 1024w, https:\/\/chcivyklidit.cz\/wp-content\/uploads\/2024\/05\/IMG20240202095417-1536x864.jpg 1536w, https:\/\/chcivyklidit.cz\/wp-content\/uploads\/2024\/05\/IMG20240202095417-2048x1153.jpg 2048w\" sizes=\"(max-width: 768px) 100vw, 768px\">\t\t\t\t\t\t\t\t\t\t\t\t\t\t\t<\/div>\n\t\t\t\t<\/div>\n\t\t\t\t\t<\/div>\n\t\t\t\t<\/div>\n\t\t<div class=\"elementor-element elementor-element-1572b3dd e-con-full e-flex e-con e-child\" data-id=\"1572b3dd\" data-element_type=\"container\" data-e-type=\"container\">\n\t\t<div class=\"elementor-element elementor-element-60557aea e-con-full e-flex e-con e-child\" data-id=\"60557aea\" data-element_type=\"container\" data-e-type=\"container\">\n\t\t\t\t<div class=\"elementor-element elementor-element-4d492183 elementor-widget elementor-widget-heading\" data-id=\"4d492183\" data-element_type=\"widget\" data-e-type=\"widget\" data-widget_type=\"heading.default\">\n\t\t\t\t<div class=\"elementor-widget-container\">\n\t\t\t\t\t<h3 class=\"elementor-heading-title elementor-size-default\">R\u00e4umung von besetzten H\u00e4usern, Siedlungen und Baracken von Obdachlosen<\/h3>\t\t\t\t<\/div>\n\t\t\t\t<\/div>\n\t\t\t\t<div class=\"elementor-element elementor-element-5357d2b8 elementor-widget elementor-widget-text-editor\" data-id=\"5357d2b8\" data-element_type=\"widget\" data-e-type=\"widget\" data-widget_type=\"text-editor.default\">\n\t\t\t\t<div class=\"elementor-widget-container\">\n\t\t\t\t\t\t\t\t\t<p class=\"gr-text-8\">R\u00e4ume, in denen sich Obdachlose aufgehalten haben, sind in der Regel <b>gef\u00e4hrlich f\u00fcr ihre Gesundheit<\/b>.<br \/>\nDort gibt es nicht nur menschliche F\u00e4kalien und Fl\u00fcssigkeiten, riesige Mengen an M\u00fcll und stark verschmutzte Lumpen, sondern vor allem <b>Bakterien, Pilze und \u00fcbertragbare Krankheiten, die f\u00fcr das Auge unsichtbar sind<\/b>.<br \/>\nOft finden Sie dort auch Brutst\u00e4tten f\u00fcr verschiedene Parasiten &#8211; L\u00e4use, Fl\u00f6he und Bettwanzen.  <\/p>\n<p class=\"gr-text-8\">Daher empfehlen wir Ihnen nicht, <a href=\"https:\/\/chcivyklidit.cz\/vyklizeni-po-narkomanech.php\">diese H\u00e4user und Geb\u00e4ude<\/a> <b>selbst zu<\/b> <a href=\"https:\/\/chcivyklidit.cz\/vyklizeni-po-narkomanech.php\">r\u00e4umen<\/a>.<br \/>\n\u00dcberlassen Sie diese Arbeit lieber erfahrenen und geschulten Fachleuten, die sich um alles k\u00fcmmern und Ihnen die <b>R\u00e4umlichkeiten gesund<\/b> \u00fcbergeben werden. <\/p>\n\t\t\t\t\t\t\t\t<\/div>\n\t\t\t\t<\/div>\n\t\t\t\t<\/div>\n\t\t<div class=\"elementor-element elementor-element-70b8f16 e-con-full e-flex e-con e-child\" data-id=\"70b8f16\" data-element_type=\"container\" data-e-type=\"container\">\n\t\t\t\t<div class=\"elementor-element elementor-element-50c969d8 elementor-widget elementor-widget-heading\" data-id=\"50c969d8\" data-element_type=\"widget\" data-e-type=\"widget\" data-widget_type=\"heading.default\">\n\t\t\t\t<div class=\"elementor-widget-container\">\n\t\t\t\t\t<h3 class=\"elementor-heading-title elementor-size-default\">Desinfektion und Desodorierung von kontaminierten Bereichen<\/h3>\t\t\t\t<\/div>\n\t\t\t\t<\/div>\n\t\t\t\t<div class=\"elementor-element elementor-element-2ffb2dd6 elementor-widget elementor-widget-text-editor\" data-id=\"2ffb2dd6\" data-element_type=\"widget\" data-e-type=\"widget\" data-widget_type=\"text-editor.default\">\n\t\t\t\t<div class=\"elementor-widget-container\">\n\t\t\t\t\t\t\t\t\t<p class=\"gr-text-8\">Wir reinigen die R\u00e4umlichkeiten <b>in Schutzanz\u00fcgen, mit spezieller Ausr\u00fcstung<\/b> und unter Verwendung empfohlener Desinfektionsmittel.<br \/>\nWir laden alle Abf\u00e4lle auf und entsorgen sie gem\u00e4\u00df den geltenden Normen. <\/p>\n<p class=\"gr-text-8\">Sie k\u00f6nnen die R\u00e4umlichkeiten <b>kurz nach der abschlie\u00dfenden Desinfektion<\/b> und Desodorierung der Ger\u00fcche, die bei der Entr\u00fcmpelung von Obdachlosen in der Regel sehr stark sind, wieder nutzen.<\/p>\n\t\t\t\t\t\t\t\t<\/div>\n\t\t\t\t<\/div>\n\t\t\t\t<\/div>\n\t\t\t\t<\/div>\n\t\t\t\t\t<\/div>\n\t\t\t\t<\/div>\n\t\t<div class=\"elementor-element elementor-element-f4d81 e-con-full e-flex e-con e-parent\" data-id=\"f4d81\" data-element_type=\"container\" data-e-type=\"container\">\n\t\t<div class=\"elementor-element elementor-element-456da161 e-con-full e-flex e-con e-child\" data-id=\"456da161\" data-element_type=\"container\" data-e-type=\"container\">\n\t\t\t\t<div class=\"elementor-element elementor-element-70588e67 elementor-widget__width-initial elementor-widget elementor-widget-heading\" data-id=\"70588e67\" data-element_type=\"widget\" data-e-type=\"widget\" data-settings=\"{&quot;motion_fx_motion_fx_scrolling&quot;:&quot;yes&quot;,&quot;motion_fx_translateY_effect&quot;:&quot;yes&quot;,&quot;motion_fx_translateY_speed&quot;:{&quot;unit&quot;:&quot;px&quot;,&quot;size&quot;:&quot;0.5&quot;,&quot;sizes&quot;:[]},&quot;motion_fx_translateY_affectedRange&quot;:{&quot;unit&quot;:&quot;%&quot;,&quot;size&quot;:&quot;&quot;,&quot;sizes&quot;:{&quot;start&quot;:&quot;0&quot;,&quot;end&quot;:&quot;50&quot;}},&quot;motion_fx_opacity_effect&quot;:&quot;yes&quot;,&quot;motion_fx_opacity_range&quot;:{&quot;unit&quot;:&quot;%&quot;,&quot;size&quot;:&quot;&quot;,&quot;sizes&quot;:{&quot;start&quot;:&quot;0&quot;,&quot;end&quot;:&quot;50&quot;}},&quot;motion_fx_opacity_direction&quot;:&quot;out-in&quot;,&quot;motion_fx_opacity_level&quot;:{&quot;unit&quot;:&quot;px&quot;,&quot;size&quot;:10,&quot;sizes&quot;:[]},&quot;motion_fx_devices&quot;:[&quot;desktop&quot;,&quot;tablet&quot;,&quot;mobile&quot;]}\" data-widget_type=\"heading.default\">\n\t\t\t\t<div class=\"elementor-widget-container\">\n\t\t\t\t\t<h2 class=\"elementor-heading-title elementor-size-default\">Der Preis f\u00fcr das Aufr\u00e4umen hinter Obdachlosen<\/h2>\t\t\t\t<\/div>\n\t\t\t\t<\/div>\n\t\t\t\t<div class=\"elementor-element elementor-element-17f22522 elementor-widget elementor-widget-text-editor\" data-id=\"17f22522\" data-element_type=\"widget\" data-e-type=\"widget\" data-widget_type=\"text-editor.default\">\n\t\t\t\t<div class=\"elementor-widget-container\">\n\t\t\t\t\t\t\t\t\t<p>Der Preis liegt <b>zwischen 1.290 CZK und 1.690 CZK pro 1m3 geladenem Abfall<\/b>, je nach dem <b>Grad der Verschmutzung durch Obdachlose<\/b>.<br \/>\nDiese Preise sind Richtpreise und Endpreise. Sie beinhalten die Kosten f\u00fcr die Arbeiter, den Transport, den Abtransport und die <a href=\"https:\/\/chcivyklidit.cz\/odvoz-likvidace-odpadu.php\">Entsorgung des kontaminierten Abfalls<\/a>.<br \/>\nM\u00f6chten Sie ein kostenloses Angebot?<br \/>\nKontaktieren Sie <a href=\"mailto:info@chcivyklidit.cz\">info@chcivyklidit.cz<\/a> oder <b>778 550 134<\/b>.   <\/p>\n\t\t\t\t\t\t\t\t<\/div>\n\t\t\t\t<\/div>\n\t\t\t\t<\/div>\n\t\t\t\t<\/div>\n\t\t<div class=\"elementor-element elementor-element-3d80b5be e-con-full e-flex e-con e-parent\" data-id=\"3d80b5be\" data-element_type=\"container\" data-e-type=\"container\">\n\t\t<div class=\"elementor-element elementor-element-135295ff e-con-full e-flex e-con e-child\" data-id=\"135295ff\" data-element_type=\"container\" data-e-type=\"container\">\n\t\t\t\t<div class=\"elementor-element elementor-element-7fc587ec elementor-widget__width-initial elementor-widget elementor-widget-heading\" data-id=\"7fc587ec\" data-element_type=\"widget\" data-e-type=\"widget\" data-settings=\"{&quot;motion_fx_motion_fx_scrolling&quot;:&quot;yes&quot;,&quot;motion_fx_translateY_effect&quot;:&quot;yes&quot;,&quot;motion_fx_translateY_speed&quot;:{&quot;unit&quot;:&quot;px&quot;,&quot;size&quot;:&quot;0.5&quot;,&quot;sizes&quot;:[]},&quot;motion_fx_translateY_affectedRange&quot;:{&quot;unit&quot;:&quot;%&quot;,&quot;size&quot;:&quot;&quot;,&quot;sizes&quot;:{&quot;start&quot;:&quot;0&quot;,&quot;end&quot;:&quot;50&quot;}},&quot;motion_fx_opacity_effect&quot;:&quot;yes&quot;,&quot;motion_fx_opacity_range&quot;:{&quot;unit&quot;:&quot;%&quot;,&quot;size&quot;:&quot;&quot;,&quot;sizes&quot;:{&quot;start&quot;:&quot;0&quot;,&quot;end&quot;:&quot;50&quot;}},&quot;motion_fx_opacity_direction&quot;:&quot;out-in&quot;,&quot;motion_fx_opacity_level&quot;:{&quot;unit&quot;:&quot;px&quot;,&quot;size&quot;:10,&quot;sizes&quot;:[]},&quot;motion_fx_devices&quot;:[&quot;desktop&quot;,&quot;tablet&quot;,&quot;mobile&quot;]}\" data-widget_type=\"heading.default\">\n\t\t\t\t<div class=\"elementor-widget-container\">\n\t\t\t\t\t<h2 class=\"elementor-heading-title elementor-size-default\">Reinigung von Obdachlosenpl\u00e4tzen<\/h2>\t\t\t\t<\/div>\n\t\t\t\t<\/div>\n\t\t\t\t<div class=\"elementor-element elementor-element-2136fc11 elementor-widget elementor-widget-text-editor\" data-id=\"2136fc11\" data-element_type=\"widget\" data-e-type=\"widget\" data-widget_type=\"text-editor.default\">\n\t\t\t\t<div class=\"elementor-widget-container\">\n\t\t\t\t\t\t\t\t\t<p><b>Wir kommen zu Ihnen in die gesamte Tschechische Republik<\/b>.<br \/>\nNeben Prag und Umgebung sind wir vor allem in den folgenden St\u00e4dten und Orten t\u00e4tig: Pilsen, \u00dast\u00ed nad Labem, Liberec, Pardubice, Hradec Kr\u00e1lov\u00e9, \u010cesk\u00e9 Bud\u011bjovice, Karlovy Vary, Brno.<br \/>\nBitte kontaktieren Sie uns und wir vereinbaren, wie und wann wir Ihnen helfen k\u00f6nnen.  <\/p>\n\t\t\t\t\t\t\t\t<\/div>\n\t\t\t\t<\/div>\n\t\t\t\t<\/div>\n\t\t\t\t<\/div>\n\t\t<div class=\"elementor-element elementor-element-15ca3d2a e-flex e-con-boxed e-con e-parent\" data-id=\"15ca3d2a\" data-element_type=\"container\" data-e-type=\"container\" data-settings=\"{&quot;background_background&quot;:&quot;gradient&quot;,&quot;shape_divider_top&quot;:&quot;waves&quot;}\">\n\t\t\t\t\t<div class=\"e-con-inner\">\n\t\t\t\t<div class=\"elementor-shape elementor-shape-top\" aria-hidden=\"true\" data-negative=\"false\">\n\t\t\t<svg xmlns=\"http:\/\/www.w3.org\/2000\/svg\" viewBox=\"0 0 1000 100\" preserveAspectRatio=\"none\">\n\t<path class=\"elementor-shape-fill\" d=\"M421.9,6.5c22.6-2.5,51.5,0.4,75.5,5.3c23.6,4.9,70.9,23.5,100.5,35.7c75.8,32.2,133.7,44.5,192.6,49.7\n\tc23.6,2.1,48.7,3.5,103.4-2.5c54.7-6,106.2-25.6,106.2-25.6V0H0v30.3c0,0,72,32.6,158.4,30.5c39.2-0.7,92.8-6.7,134-22.4\n\tc21.2-8.1,52.2-18.2,79.7-24.2C399.3,7.9,411.6,7.5,421.9,6.5z\"\/>\n<\/svg>\t\t<\/div>\n\t\t<div class=\"elementor-element elementor-element-74c45d2c e-con-full e-flex e-con e-child\" data-id=\"74c45d2c\" data-element_type=\"container\" data-e-type=\"container\">\n\t\t\t\t<div class=\"elementor-element elementor-element-12ba286 elementor-widget elementor-widget-heading\" data-id=\"12ba286\" data-element_type=\"widget\" data-e-type=\"widget\" data-widget_type=\"heading.default\">\n\t\t\t\t<div class=\"elementor-widget-container\">\n\t\t\t\t\t<h4 class=\"elementor-heading-title elementor-size-default\">Wir kommen, wir r\u00e4umen auf, wir r\u00e4umen auf, wir r\u00e4umen weg.<\/h4>\t\t\t\t<\/div>\n\t\t\t\t<\/div>\n\t\t\t\t<div class=\"elementor-element elementor-element-1b799fa0 elementor-widget elementor-widget-heading\" data-id=\"1b799fa0\" data-element_type=\"widget\" data-e-type=\"widget\" data-widget_type=\"heading.default\">\n\t\t\t\t<div class=\"elementor-widget-container\">\n\t\t\t\t\t<h2 class=\"elementor-heading-title elementor-size-default\">Kontaktieren Sie uns noch heute, um einen Kostenvoranschlag zu erhalten!<\/h2>\t\t\t\t<\/div>\n\t\t\t\t<\/div>\n\t\t\t\t<div class=\"elementor-element elementor-element-4ba4107d elementor-mobile-align-center elementor-widget elementor-widget-button\" data-id=\"4ba4107d\" data-element_type=\"widget\" data-e-type=\"widget\" data-widget_type=\"button.default\">\n\t\t\t\t<div class=\"elementor-widget-container\">\n\t\t\t\t\t\t\t\t\t<div class=\"elementor-button-wrapper\">\n\t\t\t\t\t<a class=\"elementor-button elementor-button-link elementor-size-md\" href=\"https:\/\/chcivyklidit.cz\/de\/kontakt\/\">\n\t\t\t\t\t\t<span class=\"elementor-button-content-wrapper\">\n\t\t\t\t\t\t<span class=\"elementor-button-icon\">\n\t\t\t\t<svg aria-hidden=\"true\" class=\"e-font-icon-svg e-fas-arrow-right\" viewBox=\"0 0 448 512\" xmlns=\"http:\/\/www.w3.org\/2000\/svg\"><path d=\"M190.5 66.9l22.2-22.2c9.4-9.4 24.6-9.4 33.9 0L441 239c9.4 9.4 9.4 24.6 0 33.9L246.6 467.3c-9.4 9.4-24.6 9.4-33.9 0l-22.2-22.2c-9.5-9.5-9.3-25 .4-34.3L311.4 296H24c-13.3 0-24-10.7-24-24v-32c0-13.3 10.7-24 24-24h287.4L190.9 101.2c-9.8-9.3-10-24.8-.4-34.3z\"><\/path><\/svg>\t\t\t<\/span>\n\t\t\t\t\t\t\t\t\t<span class=\"elementor-button-text\">Schreiben Sie uns<\/span>\n\t\t\t\t\t<\/span>\n\t\t\t\t\t<\/a>\n\t\t\t\t<\/div>\n\t\t\t\t\t\t\t\t<\/div>\n\t\t\t\t<\/div>\n\t\t\t\t<\/div>\n\t\t<div class=\"elementor-element elementor-element-2baabc3f e-con-full e-flex e-con e-child\" data-id=\"2baabc3f\" data-element_type=\"container\" data-e-type=\"container\">\n\t\t\t\t<div class=\"elementor-element elementor-element-4cd67857 elementor-widget elementor-widget-image\" data-id=\"4cd67857\" data-element_type=\"widget\" data-e-type=\"widget\" data-settings=\"{&quot;motion_fx_motion_fx_scrolling&quot;:&quot;yes&quot;,&quot;motion_fx_translateY_effect&quot;:&quot;yes&quot;,&quot;motion_fx_translateY_direction&quot;:&quot;negative&quot;,&quot;motion_fx_translateY_speed&quot;:{&quot;unit&quot;:&quot;px&quot;,&quot;size&quot;:&quot;1&quot;,&quot;sizes&quot;:[]},&quot;motion_fx_devices&quot;:[&quot;desktop&quot;,&quot;tablet&quot;],&quot;motion_fx_translateY_affectedRange&quot;:{&quot;unit&quot;:&quot;%&quot;,&quot;size&quot;:&quot;&quot;,&quot;sizes&quot;:{&quot;start&quot;:&quot;0&quot;,&quot;end&quot;:&quot;50&quot;}}}\" data-widget_type=\"image.default\">\n\t\t\t\t<div class=\"elementor-widget-container\">\n\t\t\t\t\t\t\t\t\t\t\t\t\t\t\t<img decoding=\"async\" src=\"https:\/\/chcivyklidit.cz\/wp-content\/uploads\/elementor\/thumbs\/13-800-r1uiygg8mtn76q9anujx8vdbaj2acahjrwsagdak7i.jpg\" title=\"13-800\" alt=\"13-800\" loading=\"lazy\" \/>\t\t\t\t\t\t\t\t\t\t\t\t\t\t\t<\/div>\n\t\t\t\t<\/div>\n\t\t\t\t<\/div>\n\t\t\t\t\t<\/div>\n\t\t\t\t<\/div>\n\t\t\t\t<\/div>\n\t\t","protected":false},"excerpt":{"rendered":"<p>Aufr\u00e4umen hinter Obdachlosen Abfallentsorgung und Desinfektion der R\u00e4umlichkeiten Entsorgung von gesundheitsgef\u00e4hrdenden Abf\u00e4llen Haben Sie eine Immobilie in Ihrer Obhut, die [&hellip;]<\/p>\n","protected":false},"author":1,"featured_media":0,"parent":0,"menu_order":0,"comment_status":"closed","ping_status":"closed","template":"elementor_header_footer","meta":{"site-sidebar-layout":"no-sidebar","site-content-layout":"","ast-site-content-layout":"full-width-container","site-content-style":"default","site-sidebar-style":"default","ast-global-header-display":"","ast-banner-title-visibility":"","ast-main-header-display":"","ast-hfb-above-header-display":"","ast-hfb-below-header-display":"","ast-hfb-mobile-header-display":"","site-post-title":"disabled","ast-breadcrumbs-content":"","ast-featured-img":"disabled","footer-sml-layout":"","ast-disable-related-posts":"","theme-transparent-header-meta":"","adv-header-id-meta":"","stick-header-meta":"","header-above-stick-meta":"","header-main-stick-meta":"","header-below-stick-meta":"","astra-migrate-meta-layouts":"default","ast-page-background-enabled":"default","ast-page-background-meta":{"desktop":{"background-color":"var(--ast-global-color-4)","background-image":"","background-repeat":"repeat","background-position":"center center","background-size":"auto","background-attachment":"scroll","background-type":"","background-media":"","overlay-type":"","overlay-color":"","overlay-opacity":"","overlay-gradient":""},"tablet":{"background-color":"","background-image":"","background-repeat":"repeat","background-position":"center center","background-size":"auto","background-attachment":"scroll","background-type":"","background-media":"","overlay-type":"","overlay-color":"","overlay-opacity":"","overlay-gradient":""},"mobile":{"background-color":"","background-image":"","background-repeat":"repeat","background-position":"center center","background-size":"auto","background-attachment":"scroll","background-type":"","background-media":"","overlay-type":"","overlay-color":"","overlay-opacity":"","overlay-gradient":""}},"ast-content-background-meta":{"desktop":{"background-color":"var(--ast-global-color-5)","background-image":"","background-repeat":"repeat","background-position":"center center","background-size":"auto","background-attachment":"scroll","background-type":"","background-media":"","overlay-type":"","overlay-color":"","overlay-opacity":"","overlay-gradient":""},"tablet":{"background-color":"var(--ast-global-color-5)","background-image":"","background-repeat":"repeat","background-position":"center center","background-size":"auto","background-attachment":"scroll","background-type":"","background-media":"","overlay-type":"","overlay-color":"","overlay-opacity":"","overlay-gradient":""},"mobile":{"background-color":"var(--ast-global-color-5)","background-image":"","background-repeat":"repeat","background-position":"center center","background-size":"auto","background-attachment":"scroll","background-type":"","background-media":"","overlay-type":"","overlay-color":"","overlay-opacity":"","overlay-gradient":""}},"footnotes":""},"class_list":["post-3761","page","type-page","status-publish","hentry"],"_links":{"self":[{"href":"https:\/\/chcivyklidit.cz\/de\/wp-json\/wp\/v2\/pages\/3761","targetHints":{"allow":["GET"]}}],"collection":[{"href":"https:\/\/chcivyklidit.cz\/de\/wp-json\/wp\/v2\/pages"}],"about":[{"href":"https:\/\/chcivyklidit.cz\/de\/wp-json\/wp\/v2\/types\/page"}],"author":[{"embeddable":true,"href":"https:\/\/chcivyklidit.cz\/de\/wp-json\/wp\/v2\/users\/1"}],"replies":[{"embeddable":true,"href":"https:\/\/chcivyklidit.cz\/de\/wp-json\/wp\/v2\/comments?post=3761"}],"version-history":[{"count":2,"href":"https:\/\/chcivyklidit.cz\/de\/wp-json\/wp\/v2\/pages\/3761\/revisions"}],"predecessor-version":[{"id":3765,"href":"https:\/\/chcivyklidit.cz\/de\/wp-json\/wp\/v2\/pages\/3761\/revisions\/3765"}],"wp:attachment":[{"href":"https:\/\/chcivyklidit.cz\/de\/wp-json\/wp\/v2\/media?parent=3761"}],"curies":[{"name":"wp","href":"https:\/\/api.w.org\/{rel}","templated":true}]}}